{"id":10726,"date":"2025-11-06T18:01:49","date_gmt":"2025-11-06T17:01:49","guid":{"rendered":"https:\/\/craftedincrystal.se\/?post_type=product&#038;p=10726"},"modified":"2026-02-22T08:32:23","modified_gmt":"2026-02-22T07:32:23","slug":"2d-fotokristallbok","status":"publish","type":"product","link":"https:\/\/craftedincrystal.se\/en\/product\/2d-fotokristallbok\/","title":{"rendered":"2D Fotokristallbok"},"content":{"rendered":"<h2 data-start=\"851\" data-end=\"919\">2D Fotokristallbok<\/h2>\n<p>Ditt foto i en helt kristallbok av 3D-Crystal i storlek 140x140x20 mm. V\u00e5ra laserfoton levereras i en presentf\u00f6rpackning med h\u00f6g kvalitet med ett certifikat.<\/p>","protected":false},"excerpt":{"rendered":"<p data-start=\"164\" data-end=\"351\">2D Fotokristallbok i storlek 140x140x20 mm med valfritt foto och text. En personligt minne eller \u00f6gonblick bevarat i \u00e4kta kristallglas \u2013 lasergraverad och tillverkad i Tyskland med 3D-Crystal\u00ae kvalitetsm\u00e4rkning.<\/p>","protected":false},"featured_media":9486,"comment_status":"open","ping_status":"closed","template":"","meta":{"site-sidebar-layout":"default","site-content-layout":"","ast-site-content-layout":"default","site-content-style":"default","site-sidebar-style":"default","ast-global-header-display":"","ast-banner-title-visibility":"","ast-main-header-display":"","ast-hfb-above-header-display":"","ast-hfb-below-header-display":"","ast-hfb-mobile-header-display":"","site-post-title":"","ast-breadcrumbs-content":"","ast-featured-img":"","footer-sml-layout":"","ast-disable-related-posts":"","theme-transparent-header-meta":"default","adv-header-id-meta":"","stick-header-meta":"","header-above-stick-meta":"","header-main-stick-meta":"","header-below-stick-meta":"","astra-migrate-meta-layouts":"set","ast-page-background-enabled":"default","ast-page-background-meta":{"desktop":{"background-color":"var(--ast-global-color-5)","background-image":"","background-repeat":"repeat","background-position":"center center","background-size":"auto","background-attachment":"scroll","background-type":"","background-media":"","overlay-type":"","overlay-color":"","overlay-opacity":"","overlay-gradient":""},"tablet":{"background-color":"","background-image":"","background-repeat":"repeat","background-position":"center center","background-size":"auto","background-attachment":"scroll","background-type":"","background-media":"","overlay-type":"","overlay-color":"","overlay-opacity":"","overlay-gradient":""},"mobile":{"background-color":"","background-image":"","background-repeat":"repeat","background-position":"center center","background-size":"auto","background-attachment":"scroll","background-type":"","background-media":"","overlay-type":"","overlay-color":"","overlay-opacity":"","overlay-gradient":""}},"ast-content-background-meta":{"desktop":{"background-color":"var(--ast-global-color-4)","background-image":"","background-repeat":"repeat","background-position":"center center","background-size":"auto","background-attachment":"scroll","background-type":"","background-media":"","overlay-type":"","overlay-color":"","overlay-opacity":"","overlay-gradient":""},"tablet":{"background-color":"var(--ast-global-color-4)","background-image":"","background-repeat":"repeat","background-position":"center center","background-size":"auto","background-attachment":"scroll","background-type":"","background-media":"","overlay-type":"","overlay-color":"","overlay-opacity":"","overlay-gradient":""},"mobile":{"background-color":"var(--ast-global-color-4)","background-image":"","background-repeat":"repeat","background-position":"center center","background-size":"auto","background-attachment":"scroll","background-type":"","background-media":"","overlay-type":"","overlay-color":"","overlay-opacity":"","overlay-gradient":""}}},"product_brand":[24],"product_cat":[32],"product_tag":[],"class_list":{"0":"post-10726","1":"product","2":"type-product","3":"status-publish","4":"has-post-thumbnail","6":"product_brand-3d-crystal","7":"product_cat-alla-portratt","8":"desktop-align-left","9":"tablet-align-left","10":"mobile-align-left","11":"wcpa_has_options","13":"first","14":"instock","15":"taxable","16":"shipping-taxable","17":"purchasable","18":"product-type-simple"},"jetpack_sharing_enabled":true,"wcpa_form_fields":{"wcpaData":{"product":{"product_price":3496,"price_html":"<span class=\"woocommerce-Price-amount amount\"><bdi>3496,00&nbsp;<span class=\"woocommerce-Price-currencySymbol\">&#107;&#114;<\/span><\/bdi><\/span>","original_product_price":3496,"price_including_tax":3496,"price_excluding_tax":2796.8,"product_id":{"parent":10726,"variation":false},"is_variable":false,"stock_status":"instock","stock_quantity":null,"parent_sku":"FKB1001","product_attributes":{"storlek":{"is_variation":false,"values":["140x140x20 mm"]}},"custom_fields":[],"is_taxable":true,"product_name":"2D Fotokristallbok","hasImage":false},"fields":{"sec_567bcdfae25eed":{"extra":{"key":"sec_567bcdfae25eed","section_id":"sec_567bcdfae25eed","name":"L\u00e4gg till bild & text","status":1,"toggle":true,"form_id":3183,"form_rules":{"exclude_from_discount":false,"fee_label":"Avgift","disp_hide_options_price":false,"disp_show_section_price":false,"disp_show_field_price":true,"layout_option":"accordion","pric_use_as_fee":false,"process_fee_as":"woo_fee"},"layout_option":"accordion"},"fields":[[{"active":true,"col":6,"relations":false,"cl_rule":"show","enableCl":false,"price":"","enablePrice":false,"className":"","label_position":"above","desc_position":"default","type":"file","required":false,"elementId":"file_9443554257","name":"file_9443554257","label":"L\u00e4gg till ditt motiv","upload_type":"ajax","uploadSize":500,"file_types":["images","docs","design"],"error":false,"placeholder":"","maxFileSizeError":"Maximal storlek: 500MB","fileExtensionError":"V\u00e4lj en filtyp som st\u00f6ds","enableDesign":false,"LabelColor":"","DescColor":"","multiple_upload":false,"hideFieldIn_cart":false,"hideImageIn_cart":true,"isWeightTemplate":false,"isTemplate":false,"min_quantity":"1","quantity_decimal":false,"quantity_step":"1","quantity_label":"Quantity","repeater_field_label":"{field_label}","repeater_bind":"","allowedFileTypes":"image\/*,.doc,.docx,.xml,.dot,.docm,.dotm,.dotx,.htm,.html,.odt,.pdf,.rtf,.txt,.wps,.xps,application\/msword,application\/vnd,.psd,.eps,.ai,.indd,.raw","gt_translate_keys":["label","placeholder","repeater_field_label","quantity_label","maxFileSizeError","fileExtensionError"],"price_dependency":false,"cl_dependency":false,"value":""}],[{"label":"L\u00e4gg till din logotyp (+400 sek)","active":true,"required":false,"elementId":"file-5769433578","upload_type":"ajax","file_types":["images","docs","design"],"placeholder":"","name":"file-5769433578","label_position":"above","desc_position":"default","enablePrice":true,"className":"","enableCl":false,"relations":false,"repeater_bind":"","repeater_field_label":"{field_label}","enableDesign":false,"LabelColor":"","DescColor":"","quantity_label":"Quantity","quantity_step":"1","quantity_decimal":false,"min_quantity":"1","uploadSize":500,"multiple_upload":false,"maxFileSizeError":"Maximal storlek: 500MB","fileExtensionError":"V\u00e4lj en filtyp som st\u00f6ds","pricingType":"fixed","isTemplate":false,"price":"400","isWeightTemplate":false,"cl_rule":"show","col":6,"type":"file","error":false,"hideFieldIn_cart":false,"hideImageIn_cart":true,"allowedFileTypes":"image\/*,.doc,.docx,.xml,.dot,.docm,.dotm,.dotx,.htm,.html,.odt,.pdf,.rtf,.txt,.wps,.xps,application\/msword,application\/vnd,.psd,.eps,.ai,.indd,.raw","gt_translate_keys":["label","placeholder","repeater_field_label","quantity_label","maxFileSizeError","fileExtensionError"],"price_dependency":false,"cl_dependency":false,"value":""}],[{"active":true,"col":6,"relations":false,"cl_rule":"show","enableCl":false,"price":"260","enablePrice":true,"className":"","type":"text","subtype":"text","required":false,"elementId":"text_4472605858","label":"L\u00e4gg till text (+260 sek)","name":"text_4472605858","value":"","error":false,"maxlength":"40","pricingType":"fixed","cartLabel":"","isWeightTemplate":false,"isTemplate":false,"min_quantity":"1","quantity_decimal":false,"quantity_step":"1","quantity_label":"Quantity","repeater_field_label":"{field_label}","repeater_bind":"","gt_translate_keys":["label","value","repeater_field_label","quantity_label"],"price_dependency":false,"cl_dependency":false}],[{"active":true,"col":6,"relations":false,"cl_rule":"show","enableCl":false,"price":"","enablePrice":false,"className":"","label_position":"default","desc_position":"default","type":"image-group","required":false,"elementId":"image_4076242523","label":"V\u00e4lj font","name":"image_4076242523","enable_popup":"no","multiple":false,"layOut":"col-2","img_selection_type":"outline","disp_type":"square","values":[{"label":"Ingen","value":"Option - 0","selected":true,"image":"https:\/\/craftedincrystal.se\/wp-content\/uploads\/2025\/06\/no-fond-image.png","thumb":"https:\/\/craftedincrystal.se\/wp-content\/uploads\/2025\/06\/no-fond-image-150x59.png","tempId":"aco_169","image_id":9056,"thumb_src":"https:\/\/craftedincrystal.se\/wp-content\/uploads\/2025\/06\/no-fond-image.png","gt_translate_keys":["label"]},{"label":"Arial","value":"Option - 1","selected":false,"image":"https:\/\/craftedincrystal.se\/wp-content\/uploads\/2025\/04\/Arial-font.png","thumb":"https:\/\/craftedincrystal.se\/wp-content\/uploads\/2025\/04\/Arial-font-150x50.png","tempId":"aco_3256","image_id":5336,"thumb_src":"https:\/\/craftedincrystal.se\/wp-content\/uploads\/2025\/04\/Arial-font.png","gt_translate_keys":["label"]},{"label":"Times New Roman","value":"Option - 2","selected":false,"image":"https:\/\/craftedincrystal.se\/wp-content\/uploads\/2025\/04\/Times-new-roman-font.png","thumb":"https:\/\/craftedincrystal.se\/wp-content\/uploads\/2025\/04\/Times-new-roman-font-150x52.png","tempId":"aco_3257","image_id":5338,"thumb_src":"https:\/\/craftedincrystal.se\/wp-content\/uploads\/2025\/04\/Times-new-roman-font.png","gt_translate_keys":["label"]},{"label":"Avant Garde","value":"Option - 3","selected":false,"image":"https:\/\/craftedincrystal.se\/wp-content\/uploads\/2025\/04\/Avant-Garde-font.png","thumb":"https:\/\/craftedincrystal.se\/wp-content\/uploads\/2025\/04\/Avant-Garde-font-150x51.png","tempId":"aco_3655","image_id":5337,"thumb_src":"https:\/\/craftedincrystal.se\/wp-content\/uploads\/2025\/04\/Avant-Garde-font-300x35.png","gt_translate_keys":["label"]},{"label":"Allegro","value":"Option - 4","selected":false,"image":"https:\/\/craftedincrystal.se\/wp-content\/uploads\/2025\/04\/Allegro-font.png","thumb":"https:\/\/craftedincrystal.se\/wp-content\/uploads\/2025\/04\/Allegro-font-150x55.png","tempId":"aco_3668","image_id":5339,"thumb_src":"https:\/\/craftedincrystal.se\/wp-content\/uploads\/2025\/04\/Allegro-font.png","gt_translate_keys":["label"]},{"label":"Monotype","value":"Option - 5","selected":false,"image":"https:\/\/craftedincrystal.se\/wp-content\/uploads\/2025\/04\/Monotype-font.png","thumb":"https:\/\/craftedincrystal.se\/wp-content\/uploads\/2025\/04\/Monotype-font-150x57.png","tempId":"aco_3681","image_id":5341,"thumb_src":"https:\/\/craftedincrystal.se\/wp-content\/uploads\/2025\/04\/Monotype-font.png","gt_translate_keys":["label"]},{"label":"Brush Script MT","value":"Option - 6","selected":false,"image":"https:\/\/craftedincrystal.se\/wp-content\/uploads\/2025\/04\/Brush-Script-MT-font.png","thumb":"https:\/\/craftedincrystal.se\/wp-content\/uploads\/2025\/04\/Brush-Script-MT-font-150x63.png","tempId":"aco_3694","image_id":5340,"thumb_src":"https:\/\/craftedincrystal.se\/wp-content\/uploads\/2025\/04\/Brush-Script-MT-font.png","gt_translate_keys":["label"]}],"disp_size_img":{"width":"180","height":"20"},"error":false,"other":false,"enableDesign":false,"enableClearSelection":true,"show_selected_option":true,"hideImageIn_cart":true,"isWeightTemplate":false,"isTemplate":false,"img_preview_disable_mobile":true,"min_quantity":"1","quantity_decimal":false,"quantity_step":"1","quantity_label":"Quantity","repeater_field_label":"{field_label}","repeater_bind":"","gt_translate_keys":["label","repeater_field_label","quantity_label"],"price_dependency":false,"cl_dependency":false,"value":""}]]},"sec_h1e1v29262c2":{"extra":{"key":"sec_h1e1v29262c2","section_id":"sec_h1e1v29262c2","name":"L\u00e4gg till ljusbas","status":1,"toggle":true,"repeater_section_field_label":"{field_label}","repeater_section_label":"{section_name}","repeater_bind":"","form_id":3183,"form_rules":{"exclude_from_discount":false,"fee_label":"Avgift","disp_hide_options_price":false,"disp_show_section_price":false,"disp_show_field_price":true,"layout_option":"accordion","pric_use_as_fee":false,"process_fee_as":"woo_fee"},"layout_option":"accordion"},"fields":[[{"label":"Tillval:","active":true,"required":false,"elementId":"image-group-1788441654","description":"","name":"image-group-1788441654","label_position":"default","desc_position":"default","enablePrice":true,"className":"","enableCl":false,"relations":false,"layOut":"inline","disp_size_img":{"width":75,"height":75},"enable_popup":"no","disp_type":"square","img_selection_type":"outline","multiple":true,"values":[{"label":"LED-ljusbas 70x70 mm av rostfritt st\u00e5l. 1 LED med 7 skiftande f\u00e4rger. LED-f\u00e4rg valbar med knapp.","value":"300","selected":false,"image":"https:\/\/craftedincrystal.se\/wp-content\/uploads\/2025\/05\/Ljusbas_tillbehor.png","thumb":"https:\/\/craftedincrystal.se\/wp-content\/uploads\/2025\/05\/Ljusbas_tillbehor-150x150.png","tempId":"aco_223","image_id":7637,"price":"330","thumb_src":"https:\/\/craftedincrystal.se\/wp-content\/uploads\/2025\/05\/Ljusbas_tillbehor-100x100.png","gt_translate_keys":["label"]}],"priceOptions":"different_for_all","pricingType":"fixed","price":"","cl_rule":"show","col":6,"type":"image-group","error":false,"hideImageIn_cart":true,"isWeightTemplate":false,"isTemplate":false,"img_preview_disable_mobile":true,"min_quantity":"1","quantity_decimal":false,"quantity_step":"1","quantity_label":"Quantity","repeater_field_label":"{field_label}","repeater_bind":"","gt_translate_keys":["label","description","repeater_field_label","quantity_label"],"price_dependency":false,"cl_dependency":false,"value":""}],[{"label":"Tillval:","active":true,"required":false,"elementId":"image-group-5640982695","description":"","name":"image-group-5640982695","label_position":"default","desc_position":"default","enablePrice":true,"className":"","enableCl":false,"relations":false,"repeater_bind":"","repeater_field_label":"{field_label}","quantity_label":"Quantity","quantity_step":"1","quantity_decimal":false,"min_quantity":"1","layOut":"inline","disp_size_img":{"width":75,"height":75},"img_preview_disable_mobile":true,"enable_popup":"no","disp_type":"square","img_selection_type":"outline","multiple":true,"values":[{"label":"LED ljusbas 110x70 mm av svart plast. 20mm tjock. 10Lysdioder i vitt. Utan kabel, eftersom batteriet drivs (3 g\u00e5nger AA). L\u00e4mplig f\u00f6r alla glasstorlekar.","value":"400","selected":false,"image":"https:\/\/craftedincrystal.se\/wp-content\/uploads\/2025\/08\/IMG_3551.png","thumb":"https:\/\/craftedincrystal.se\/wp-content\/uploads\/2025\/08\/IMG_3551-150x150.png","tempId":"aco_223","image_id":10186,"price":"360","thumb_src":"https:\/\/craftedincrystal.se\/wp-content\/uploads\/2025\/08\/IMG_3551-100x100.png","gt_translate_keys":["label"]}],"priceOptions":"different_for_all","pricingType":"fixed","isTemplate":false,"price":"","isWeightTemplate":false,"cl_rule":"show","col":6,"type":"image-group","error":false,"hideImageIn_cart":true,"gt_translate_keys":["label","description","repeater_field_label","quantity_label"],"price_dependency":false,"cl_dependency":false,"value":""}],[{"label":"Tillval:","active":true,"required":false,"elementId":"image-group-6447616322","description":"","name":"image-group-6447616322","label_position":"default","desc_position":"default","enablePrice":true,"className":"","enableCl":false,"relations":false,"repeater_bind":"","repeater_field_label":"{field_label}","quantity_label":"Quantity","quantity_step":"1","quantity_decimal":false,"min_quantity":"1","layOut":"inline","disp_size_img":{"width":75,"height":75},"img_preview_disable_mobile":true,"enable_popup":"no","disp_type":"square","img_selection_type":"outline","multiple":true,"values":[{"label":"(Bl\u00e5 LED) Ljusbas  200x100 mm av svart plast. 18 ljusa lysdioder i bl\u00e5tt. F\u00f6r den perfekta belysningen fr\u00e5n ditt 3D-laserglas. L\u00e4mplig f\u00f6r alla glasstorlekar.","value":"450","selected":false,"image":"https:\/\/craftedincrystal.se\/wp-content\/uploads\/2025\/08\/IMG_3553.png","thumb":"https:\/\/craftedincrystal.se\/wp-content\/uploads\/2025\/08\/IMG_3553-150x150.png","tempId":"aco_223","image_id":10187,"price":"400","thumb_src":"https:\/\/craftedincrystal.se\/wp-content\/uploads\/2025\/08\/IMG_3553-100x100.png","gt_translate_keys":["label"]}],"priceOptions":"different_for_all","pricingType":"fixed","isTemplate":false,"price":"","isWeightTemplate":false,"cl_rule":"show","col":6,"type":"image-group","hideImageIn_cart":true,"error":false,"gt_translate_keys":["label","description","repeater_field_label","quantity_label"],"price_dependency":false,"cl_dependency":false,"value":""}],[{"label":"Tillval:","active":true,"required":false,"elementId":"image-group-6451741411","description":"","name":"image-group-6451741411","label_position":"default","desc_position":"default","enablePrice":true,"className":"","enableCl":false,"relations":false,"repeater_bind":"","repeater_field_label":"{field_label}","quantity_label":"Quantity","quantity_step":"1","quantity_decimal":false,"min_quantity":"1","layOut":"inline","disp_size_img":{"width":75,"height":75},"img_preview_disable_mobile":true,"enable_popup":"no","disp_type":"square","img_selection_type":"outline","multiple":true,"values":[{"label":"LED-ljusbas 70x70 mm av rostfritt st\u00e5l med 7 ljusa lysdioder","value":"270","selected":false,"image":"https:\/\/craftedincrystal.se\/wp-content\/uploads\/2025\/08\/IMG_3547.jpg","thumb":"https:\/\/craftedincrystal.se\/wp-content\/uploads\/2025\/08\/IMG_3547-150x150.jpg","tempId":"aco_223","image_id":10188,"price":"400","thumb_src":"https:\/\/craftedincrystal.se\/wp-content\/uploads\/2025\/08\/IMG_3547-100x100.jpg","gt_translate_keys":["label"]}],"priceOptions":"different_for_all","pricingType":"fixed","isTemplate":false,"price":"","isWeightTemplate":false,"cl_rule":"show","col":6,"type":"image-group","hideImageIn_cart":true,"error":false,"gt_translate_keys":["label","description","repeater_field_label","quantity_label"],"price_dependency":false,"cl_dependency":false,"value":""}],[{"active":true,"col":6,"relations":false,"cl_rule":"show","enableCl":false,"price":"500","enablePrice":true,"className":"","label_position":"default","desc_position":"default","type":"checkbox","required":false,"elementId":"checkbox_1015409145","label":"QR kod p\u00e5 ljusbas (l\u00e4nka till album)","name":"checkbox_1015409145","value":"","check_value":"QR","isWeightTemplate":false,"error":false,"isTemplate":false,"checkUi":"","min_quantity":"1","quantity_decimal":false,"quantity_step":"1","quantity_label":"Quantity","repeater_field_label":"{field_label}","repeater_bind":"","pricingType":"fixed","gt_translate_keys":["label","value","repeater_field_label","quantity_label","check_value"],"price_dependency":false,"cl_dependency":false}],[{"label":"QR kod p\u00e5 ljusbas (inklusive namn)","active":true,"required":false,"elementId":"checkbox-1056073320","check_value":"QR + Namn","value":"","name":"checkbox-1056073320","desc_position":"default","enablePrice":true,"className":"","enableCl":false,"relations":false,"repeater_bind":"","repeater_field_label":"{field_label}","quantity_label":"Quantity","quantity_step":"1","quantity_decimal":false,"min_quantity":"1","checkUi":"","pricingType":"fixed","isTemplate":false,"price":"725","isWeightTemplate":false,"cl_rule":"show","col":6,"type":"checkbox","error":false,"gt_translate_keys":["label","value","repeater_field_label","quantity_label","check_value"],"price_dependency":false,"cl_dependency":false}],[{"active":true,"col":6,"relations":false,"cl_rule":"show","enableCl":false,"price":"429","enablePrice":true,"className":"","label_position":"default","desc_position":"default","type":"checkbox","required":false,"elementId":"checkbox_3241025480","label":"Bildoptimering (h\u00f6g detaljniv\u00e5)","name":"checkbox_3241025480","value":"","check_value":"","checkUi":"toggle","error":false,"description":"","pricingType":"fixed","isTemplate":false,"enableDesign":false,"gt_translate_keys":["label","description","value","check_value"],"price_dependency":false,"cl_dependency":false}]]}},"config":{"price_override":"","enable_recaptcha":false,"bind_quantity":false,"quantity_bind_formula":false,"disp_summ_show_option_price":true,"disp_summ_show_product_price":true,"disp_summ_show_total_price":true,"disp_summ_show_fee":false,"disp_summ_show_discount":false,"summary_title":"Totalt","options_total_label":"Pris till\u00e4gg","total_label":"Totalt","options_product_label":"Produktpris","fee_label":"Avgift","discount_label":"Rabatt","has_price":true,"has_quantity_formula":false},"mc_unit":1,"tax_rate":1,"tax_rate_real":0.25,"discount":{"percentage":0,"fixed":0},"design":{"conf":{"LabelPosition":"above","DescPosition":"above","UploadField":"custom_2","QuantityFieldStyle":"default"},"css":{"LeftLabelWidth":"120px"}},"formulas":[],"lookuptables":[],"clones":false,"cartKey":false}},"_links":{"self":[{"href":"https:\/\/craftedincrystal.se\/en\/wp-json\/wp\/v2\/product\/10726","targetHints":{"allow":["GET"]}}],"collection":[{"href":"https:\/\/craftedincrystal.se\/en\/wp-json\/wp\/v2\/product"}],"about":[{"href":"https:\/\/craftedincrystal.se\/en\/wp-json\/wp\/v2\/types\/product"}],"replies":[{"embeddable":true,"href":"https:\/\/craftedincrystal.se\/en\/wp-json\/wp\/v2\/comments?post=10726"}],"wp:featuredmedia":[{"embeddable":true,"href":"https:\/\/craftedincrystal.se\/en\/wp-json\/wp\/v2\/media\/9486"}],"wp:attachment":[{"href":"https:\/\/craftedincrystal.se\/en\/wp-json\/wp\/v2\/media?parent=10726"}],"wp:term":[{"taxonomy":"product_brand","embeddable":true,"href":"https:\/\/craftedincrystal.se\/en\/wp-json\/wp\/v2\/product_brand?post=10726"},{"taxonomy":"product_cat","embeddable":true,"href":"https:\/\/craftedincrystal.se\/en\/wp-json\/wp\/v2\/product_cat?post=10726"},{"taxonomy":"product_tag","embeddable":true,"href":"https:\/\/craftedincrystal.se\/en\/wp-json\/wp\/v2\/product_tag?post=10726"}],"curies":[{"name":"wp","href":"https:\/\/api.w.org\/{rel}","templated":true}]}}