{"id":8674,"date":"2025-05-28T15:32:44","date_gmt":"2025-05-28T13:32:44","guid":{"rendered":"https:\/\/craftedincrystal.se\/?post_type=product&#038;p=8674"},"modified":"2026-01-27T02:10:19","modified_gmt":"2026-01-27T01:10:19","slug":"hander-bon-3d-kristall","status":"publish","type":"product","link":"https:\/\/craftedincrystal.se\/en\/product\/hander-bon-3d-kristall\/","title":{"rendered":"H\u00e4nder b\u00f6n 3D Kristall"},"content":{"rendered":"","protected":false},"excerpt":{"rendered":"<p>H\u00e4nder b\u00f6n 3D Kristall som ber &#8221;v\u00e5r far&#8221; i den senaste ton-tekniken som printas in i 3D -glas. Finns i Crystal Glass 100x70x60 F, 100x50x50 R och 80x50x50 mm.<\/p>","protected":false},"featured_media":10028,"comment_status":"open","ping_status":"closed","template":"","meta":{"site-sidebar-layout":"default","site-content-layout":"","ast-site-content-layout":"default","site-content-style":"default","site-sidebar-style":"default","ast-global-header-display":"","ast-banner-title-visibility":"","ast-main-header-display":"","ast-hfb-above-header-display":"","ast-hfb-below-header-display":"","ast-hfb-mobile-header-display":"","site-post-title":"","ast-breadcrumbs-content":"","ast-featured-img":"","footer-sml-layout":"","ast-disable-related-posts":"","theme-transparent-header-meta":"default","adv-header-id-meta":"","stick-header-meta":"","header-above-stick-meta":"","header-main-stick-meta":"","header-below-stick-meta":"","astra-migrate-meta-layouts":"set","ast-page-background-enabled":"default","ast-page-background-meta":{"desktop":{"background-color":"var(--ast-global-color-5)","background-image":"","background-repeat":"repeat","background-position":"center center","background-size":"auto","background-attachment":"scroll","background-type":"","background-media":"","overlay-type":"","overlay-color":"","overlay-opacity":"","overlay-gradient":""},"tablet":{"background-color":"","background-image":"","background-repeat":"repeat","background-position":"center center","background-size":"auto","background-attachment":"scroll","background-type":"","background-media":"","overlay-type":"","overlay-color":"","overlay-opacity":"","overlay-gradient":""},"mobile":{"background-color":"","background-image":"","background-repeat":"repeat","background-position":"center center","background-size":"auto","background-attachment":"scroll","background-type":"","background-media":"","overlay-type":"","overlay-color":"","overlay-opacity":"","overlay-gradient":""}},"ast-content-background-meta":{"desktop":{"background-color":"var(--ast-global-color-4)","background-image":"","background-repeat":"repeat","background-position":"center center","background-size":"auto","background-attachment":"scroll","background-type":"","background-media":"","overlay-type":"","overlay-color":"","overlay-opacity":"","overlay-gradient":""},"tablet":{"background-color":"var(--ast-global-color-4)","background-image":"","background-repeat":"repeat","background-position":"center center","background-size":"auto","background-attachment":"scroll","background-type":"","background-media":"","overlay-type":"","overlay-color":"","overlay-opacity":"","overlay-gradient":""},"mobile":{"background-color":"var(--ast-global-color-4)","background-image":"","background-repeat":"repeat","background-position":"center center","background-size":"auto","background-attachment":"scroll","background-type":"","background-media":"","overlay-type":"","overlay-color":"","overlay-opacity":"","overlay-gradient":""}}},"product_brand":[24],"product_cat":[31,48],"product_tag":[],"class_list":{"0":"post-8674","1":"product","2":"type-product","3":"status-publish","4":"has-post-thumbnail","6":"product_brand-3d-crystal","7":"product_cat-befintliga-motiv","8":"product_cat-religiosa-3d-kristaller","9":"desktop-align-left","10":"tablet-align-left","11":"mobile-align-left","12":"wcpa_has_options","14":"first","15":"instock","16":"taxable","17":"shipping-taxable","18":"purchasable","19":"product-type-variable"},"jetpack_sharing_enabled":true,"wcpa_form_fields":{"wcpaData":{"product":{"product_price":1000,"price_html":"<span class=\"woocommerce-Price-amount amount\" aria-hidden=\"true\"><bdi>1000,00&nbsp;<span class=\"woocommerce-Price-currencySymbol\">&#107;&#114;<\/span><\/bdi><\/span> <span aria-hidden=\"true\">&ndash;<\/span> <span class=\"woocommerce-Price-amount amount\" aria-hidden=\"true\"><bdi>1450,00&nbsp;<span class=\"woocommerce-Price-currencySymbol\">&#107;&#114;<\/span><\/bdi><\/span><span class=\"screen-reader-text\">Price range: 1000,00&nbsp;&#107;&#114; through 1450,00&nbsp;&#107;&#114;<\/span>","original_product_price":1000,"price_including_tax":1000,"price_excluding_tax":800,"product_id":{"parent":8674,"variation":false},"is_variable":true,"stock_status":"instock","stock_quantity":null,"parent_sku":"","product_attributes":{"storlek":{"is_variation":true,"values":[]}},"custom_fields":[],"is_taxable":true,"product_name":"H\u00e4nder b\u00f6n 3D Kristall","hasImage":false},"fields":{"sec_0683776e9a5c2c":{"extra":{"key":"sec_0683776e9a5c2c","section_id":"sec_0683776e9a5c2c","name":"L\u00e4gg till logo & text","status":1,"toggle":true,"form_id":8734,"form_rules":{"exclude_from_discount":false,"fee_label":"Avgift","disp_hide_options_price":false,"disp_show_section_price":false,"disp_show_field_price":true,"layout_option":"accordion","pric_use_as_fee":false,"process_fee_as":"woo_fee"},"layout_option":"accordion"},"fields":[[{"active":true,"col":6,"relations":false,"cl_rule":"show","enableCl":false,"price":"400","enablePrice":true,"className":"","label_position":"default","desc_position":"default","type":"file","required":false,"elementId":"file_8092507418","name":"file_8092507418","label":"L\u00e4gg till logotyp (+400 sek)","upload_type":"ajax","uploadSize":500,"file_types":["images","docs","design"],"error":false,"hideFieldIn_cart":false,"hideImageIn_cart":true,"isWeightTemplate":false,"isTemplate":false,"min_quantity":"1","quantity_decimal":false,"quantity_step":"1","quantity_label":"Quantity","repeater_field_label":"{field_label}","repeater_bind":"","pricingType":"fixed","allowedFileTypes":"image\/*,.doc,.docx,.xml,.dot,.docm,.dotm,.dotx,.htm,.html,.odt,.pdf,.rtf,.txt,.wps,.xps,application\/msword,application\/vnd,.psd,.eps,.ai,.indd,.raw","gt_translate_keys":["label","repeater_field_label","quantity_label"],"price_dependency":false,"cl_dependency":false,"value":""}],[{"active":true,"col":6,"relations":false,"cl_rule":"show","enableCl":false,"price":"260","enablePrice":true,"className":"","type":"text","subtype":"text","required":false,"elementId":"text_3683776e9a5c52","label":"L\u00e4gg till text (+260 sek)","name":"text_3683776e9a5c52","value":"","error":false,"maxlength":"40","pricingType":"fixed","cartLabel":"","isWeightTemplate":false,"isTemplate":false,"min_quantity":"1","quantity_decimal":false,"quantity_step":"1","quantity_label":"Quantity","repeater_field_label":"{field_label}","repeater_bind":"","gt_translate_keys":["label","value","repeater_field_label","quantity_label"],"price_dependency":false,"cl_dependency":false}],[{"active":true,"col":6,"relations":[],"cl_rule":"show","enableCl":false,"price":"260","enablePrice":false,"className":"","label_position":"default","desc_position":"default","type":"image-group","required":false,"elementId":"image-group_6683776e9a5c58","label":"V\u00e4lj font","name":"image-group_6683776e9a5c58","enable_popup":"no","multiple":false,"layOut":"col-2","img_selection_type":"outline","disp_type":"square","values":[{"label":"Ingen","value":"Option - 0","selected":true,"image":"https:\/\/craftedincrystal.se\/wp-content\/uploads\/2025\/06\/no-fond-image.png","thumb":"https:\/\/craftedincrystal.se\/wp-content\/uploads\/2025\/06\/no-fond-image-150x59.png","tempId":"aco_169","image_id":9056,"thumb_src":"https:\/\/craftedincrystal.se\/wp-content\/uploads\/2025\/06\/no-fond-image.png","gt_translate_keys":["label"]},{"label":"Arial","value":"Option - 1","selected":false,"image":"https:\/\/craftedincrystal.se\/wp-content\/uploads\/2025\/04\/Arial-font.png","thumb":"https:\/\/craftedincrystal.se\/wp-content\/uploads\/2025\/04\/Arial-font-150x50.png","tempId":"aco_3256","image_id":5336,"thumb_src":"https:\/\/craftedincrystal.se\/wp-content\/uploads\/2025\/04\/Arial-font.png","gt_translate_keys":["label"]},{"label":"Times New Roman","value":"Option - 2","selected":false,"image":"https:\/\/craftedincrystal.se\/wp-content\/uploads\/2025\/04\/Times-new-roman-font.png","thumb":"https:\/\/craftedincrystal.se\/wp-content\/uploads\/2025\/04\/Times-new-roman-font-150x52.png","tempId":"aco_3257","image_id":5338,"thumb_src":"https:\/\/craftedincrystal.se\/wp-content\/uploads\/2025\/04\/Times-new-roman-font.png","gt_translate_keys":["label"]},{"label":"Avant Garde","value":"Option - 3","selected":false,"image":"https:\/\/craftedincrystal.se\/wp-content\/uploads\/2025\/04\/Avant-Garde-font.png","thumb":"https:\/\/craftedincrystal.se\/wp-content\/uploads\/2025\/04\/Avant-Garde-font-150x51.png","tempId":"aco_3655","image_id":5337,"thumb_src":"https:\/\/craftedincrystal.se\/wp-content\/uploads\/2025\/04\/Avant-Garde-font-300x35.png","gt_translate_keys":["label"]},{"label":"Allegro","value":"Option - 4","selected":false,"image":"https:\/\/craftedincrystal.se\/wp-content\/uploads\/2025\/04\/Allegro-font.png","thumb":"https:\/\/craftedincrystal.se\/wp-content\/uploads\/2025\/04\/Allegro-font-150x55.png","tempId":"aco_3668","image_id":5339,"thumb_src":"https:\/\/craftedincrystal.se\/wp-content\/uploads\/2025\/04\/Allegro-font.png","gt_translate_keys":["label"]},{"label":"Monotype","value":"Option - 5","selected":false,"image":"https:\/\/craftedincrystal.se\/wp-content\/uploads\/2025\/04\/Monotype-font.png","thumb":"https:\/\/craftedincrystal.se\/wp-content\/uploads\/2025\/04\/Monotype-font-150x57.png","tempId":"aco_3681","image_id":5341,"thumb_src":"https:\/\/craftedincrystal.se\/wp-content\/uploads\/2025\/04\/Monotype-font.png","gt_translate_keys":["label"]},{"label":"Brush Script MT","value":"Option - 6","selected":false,"image":"https:\/\/craftedincrystal.se\/wp-content\/uploads\/2025\/04\/Brush-Script-MT-font.png","thumb":"https:\/\/craftedincrystal.se\/wp-content\/uploads\/2025\/04\/Brush-Script-MT-font-150x63.png","tempId":"aco_3694","image_id":5340,"thumb_src":"https:\/\/craftedincrystal.se\/wp-content\/uploads\/2025\/04\/Brush-Script-MT-font.png","gt_translate_keys":["label"]}],"disp_size_img":{"width":"180","height":"20"},"error":false,"other":false,"enableDesign":false,"enableClearSelection":true,"show_selected_option":true,"hideImageIn_cart":true,"hideFieldIn_cart":false,"isWeightTemplate":false,"isTemplate":false,"img_preview_disable_mobile":true,"min_quantity":"1","quantity_decimal":false,"quantity_step":"1","quantity_label":"Quantity","repeater_field_label":"{field_label}","repeater_bind":"","priceOptions":"fixed_for_all","pricingType":"fixed","gt_translate_keys":["label","repeater_field_label","quantity_label"],"price_dependency":false,"cl_dependency":false,"value":""}]]},"sec_h1e1v271vc1":{"extra":{"key":"sec_h1e1v271vc1","section_id":"sec_h1e1v271vc1","name":"L\u00e4gg till ljusbas","status":1,"toggle":true,"show_title":false,"repeater_section_field_label":"{field_label}","repeater_section_label":"{section_name}","repeater_bind":"","form_id":8734,"form_rules":{"exclude_from_discount":false,"fee_label":"Avgift","disp_hide_options_price":false,"disp_show_section_price":false,"disp_show_field_price":true,"layout_option":"accordion","pric_use_as_fee":false,"process_fee_as":"woo_fee"},"layout_option":"accordion"},"fields":[[{"label":"","active":true,"required":false,"elementId":"image-group-9671231403","description":"","name":"image-group-9671231403","label_position":"default","desc_position":"default","enablePrice":true,"className":"","enableCl":false,"relations":false,"layOut":"inline","disp_size_img":{"width":75,"height":75},"enable_popup":"no","disp_type":"square","img_selection_type":"outline","multiple":true,"values":[{"label":"LED-ljusbas 70x70 mm av rostfritt st\u00e5l. 1 LED med 7 skiftande f\u00e4rger. LED-f\u00e4rg valbar med knapp.","value":"330","selected":false,"image":"https:\/\/craftedincrystal.se\/wp-content\/uploads\/2025\/05\/Ljusbas_tillbehor.png","thumb":"https:\/\/craftedincrystal.se\/wp-content\/uploads\/2025\/05\/Ljusbas_tillbehor-150x150.png","tempId":"aco_223","image_id":7637,"price":"330","options_cl":false,"relations":[{"operator":false,"rules":[{"operator":"AND","rules":{"cl_field":"","cl_relation":"","cl_val":""}}]}],"cl_rule":"show","thumb_src":"https:\/\/craftedincrystal.se\/wp-content\/uploads\/2025\/05\/Ljusbas_tillbehor-100x100.png","gt_translate_keys":["label"]}],"priceOptions":"different_for_all","pricingType":"fixed","price":"","cl_rule":"show","col":6,"type":"image-group","error":false,"hideImageIn_cart":true,"isWeightTemplate":false,"isTemplate":false,"img_preview_disable_mobile":true,"min_quantity":"1","quantity_decimal":false,"quantity_step":"1","quantity_label":"Quantity","repeater_field_label":"{field_label}","repeater_bind":"","gt_translate_keys":["label","description","repeater_field_label","quantity_label"],"price_dependency":false,"cl_dependency":false,"value":""}],[{"label":"","active":true,"required":false,"elementId":"image-group-5729840121","description":"","name":"image-group-5729840121","label_position":"default","desc_position":"default","enablePrice":true,"className":"","enableCl":false,"relations":false,"repeater_bind":"","repeater_field_label":"{field_label}","quantity_label":"Quantity","quantity_step":"1","quantity_decimal":false,"min_quantity":"1","layOut":"inline","disp_size_img":{"width":75,"height":75},"img_preview_disable_mobile":true,"enable_popup":"no","disp_type":"square","img_selection_type":"outline","multiple":true,"values":[{"label":"LED ljusbas 110x60 mm av svart plast. 20mm tjock. 10Lysdioder i vitt. Utan kabel, eftersom batteriet drivs (3 g\u00e5nger AA). L\u00e4mplig f\u00f6r alla glasstorlekar.","value":"360","selected":false,"image":"https:\/\/craftedincrystal.se\/wp-content\/uploads\/2025\/08\/IMG_3551.png","thumb":"https:\/\/craftedincrystal.se\/wp-content\/uploads\/2025\/08\/IMG_3551-150x150.png","tempId":"aco_223","image_id":10186,"price":"360","thumb_src":"https:\/\/craftedincrystal.se\/wp-content\/uploads\/2025\/08\/IMG_3551-100x100.png","gt_translate_keys":["label"]}],"priceOptions":"different_for_all","pricingType":"fixed","isTemplate":false,"price":"","isWeightTemplate":false,"cl_rule":"show","col":6,"type":"image-group","error":false,"hideImageIn_cart":true,"gt_translate_keys":["label","description","repeater_field_label","quantity_label"],"price_dependency":false,"cl_dependency":false,"value":""}],[{"label":"","active":true,"required":false,"elementId":"image-group-8586422834","description":"","name":"image-group-8586422834","label_position":"default","desc_position":"default","enablePrice":true,"className":"","enableCl":false,"relations":false,"repeater_bind":"","repeater_field_label":"{field_label}","quantity_label":"Quantity","quantity_step":"1","quantity_decimal":false,"min_quantity":"1","layOut":"inline","disp_size_img":{"width":75,"height":75},"img_preview_disable_mobile":true,"enable_popup":"no","disp_type":"square","img_selection_type":"outline","multiple":true,"values":[{"label":"(Bl\u00e5 LED) Ljusbas  200x100 mm av svart plast. 18 ljusa lysdioder i bl\u00e5tt. F\u00f6r den perfekta belysningen fr\u00e5n ditt 3D-laserglas. L\u00e4mplig f\u00f6r alla glasstorlekar.","value":"400","selected":false,"image":"https:\/\/craftedincrystal.se\/wp-content\/uploads\/2025\/08\/IMG_3553.png","thumb":"https:\/\/craftedincrystal.se\/wp-content\/uploads\/2025\/08\/IMG_3553-150x150.png","tempId":"aco_223","image_id":10187,"price":"400","options_cl":false,"relations":[{"operator":false,"rules":[{"operator":"AND","rules":{"cl_field":"","cl_relation":"","cl_val":""}}]}],"cl_rule":"show","thumb_src":"https:\/\/craftedincrystal.se\/wp-content\/uploads\/2025\/08\/IMG_3553-100x100.png","gt_translate_keys":["label"]}],"priceOptions":"different_for_all","pricingType":"fixed","isTemplate":false,"price":"","isWeightTemplate":false,"cl_rule":"show","col":6,"type":"image-group","hideImageIn_cart":true,"error":false,"gt_translate_keys":["label","description","repeater_field_label","quantity_label"],"price_dependency":false,"cl_dependency":false,"value":""}],[{"label":"","active":true,"required":false,"elementId":"image-group-5164325465","description":"","name":"image-group-5164325465","label_position":"default","desc_position":"default","enablePrice":true,"className":"","enableCl":false,"relations":false,"repeater_bind":"","repeater_field_label":"{field_label}","quantity_label":"Quantity","quantity_step":"1","quantity_decimal":false,"min_quantity":"1","layOut":"inline","disp_size_img":{"width":75,"height":75},"img_preview_disable_mobile":true,"enable_popup":"no","disp_type":"square","img_selection_type":"outline","multiple":true,"values":[{"label":"LED-ljusbas 70x70 mm av rostfritt st\u00e5l med 7 ljusa lysdioder","value":"330","selected":false,"image":"https:\/\/craftedincrystal.se\/wp-content\/uploads\/2025\/08\/IMG_3547.jpg","thumb":"https:\/\/craftedincrystal.se\/wp-content\/uploads\/2025\/08\/IMG_3547-150x150.jpg","tempId":"aco_223","image_id":10188,"price":"400","options_cl":false,"relations":[{"operator":false,"rules":[{"operator":"AND","rules":{"cl_field":"","cl_relation":"","cl_val":""}}]}],"cl_rule":"show","thumb_src":"https:\/\/craftedincrystal.se\/wp-content\/uploads\/2025\/08\/IMG_3547-100x100.jpg","gt_translate_keys":["label"]}],"priceOptions":"different_for_all","pricingType":"fixed","isTemplate":false,"price":"","isWeightTemplate":false,"cl_rule":"show","col":6,"type":"image-group","hideImageIn_cart":true,"error":false,"gt_translate_keys":["label","description","repeater_field_label","quantity_label"],"price_dependency":false,"cl_dependency":false,"value":""}],[{"active":true,"col":6,"relations":false,"cl_rule":"show","enableCl":false,"price":"500","enablePrice":true,"className":"","label_position":"default","desc_position":"default","type":"checkbox","required":false,"elementId":"checkbox_0449181284","label":"QR kod p\u00e5 ljusbas (l\u00e4nka till album)","name":"checkbox_0449181284","value":"","check_value":"QR","isWeightTemplate":false,"error":false,"isTemplate":false,"checkUi":"","min_quantity":"1","quantity_decimal":false,"quantity_step":"1","quantity_label":"Quantity","repeater_field_label":"{field_label}","repeater_bind":"","pricingType":"fixed","gt_translate_keys":["label","value","repeater_field_label","quantity_label","check_value"],"price_dependency":false,"cl_dependency":false}],[{"label":"QR kod p\u00e5 ljusbas (inklusive namn)","active":true,"required":false,"elementId":"checkbox-0535971836","check_value":"QR + Namn","value":"","name":"checkbox-0535971836","desc_position":"default","enablePrice":true,"className":"","enableCl":false,"relations":false,"repeater_bind":"","repeater_field_label":"{field_label}","quantity_label":"Quantity","quantity_step":"1","quantity_decimal":false,"min_quantity":"1","checkUi":"","pricingType":"fixed","isTemplate":false,"price":"725","isWeightTemplate":false,"cl_rule":"show","col":6,"type":"checkbox","error":false,"gt_translate_keys":["label","value","repeater_field_label","quantity_label","check_value"],"price_dependency":false,"cl_dependency":false}],[{"active":true,"col":6,"relations":false,"cl_rule":"show","enableCl":false,"price":"429","enablePrice":true,"className":"","label_position":"default","desc_position":"default","type":"checkbox","required":false,"elementId":"checkbox_5067800502","label":"Bildoptimering h\u00f6g detaljniv\u00e5","name":"checkbox_5067800502","value":"","check_value":"Yes","checkUi":"toggle","error":false,"description":"","tooltip":"","pricingType":"fixed","isWeightTemplate":false,"isTemplate":false,"min_quantity":"1","quantity_decimal":false,"quantity_step":"1","quantity_label":"Quantity","repeater_field_label":"{field_label}","repeater_bind":"","gt_translate_keys":["label","description","value","tooltip","repeater_field_label","quantity_label","check_value"],"price_dependency":false,"cl_dependency":false}]]}},"config":{"price_override":"","enable_recaptcha":false,"bind_quantity":false,"quantity_bind_formula":false,"disp_summ_show_option_price":true,"disp_summ_show_product_price":true,"disp_summ_show_total_price":true,"disp_summ_show_fee":false,"disp_summ_show_discount":false,"summary_title":"Totalt","options_total_label":"Pris till\u00e4gg","total_label":"Totalt","options_product_label":"Produktpris","fee_label":"Avgift","discount_label":"Rabatt","has_price":true,"has_quantity_formula":false},"mc_unit":1,"tax_rate":1,"tax_rate_real":0.25,"discount":{"percentage":0,"fixed":0},"design":{"conf":{"LabelPosition":"above","DescPosition":"above","UploadField":"custom_2","QuantityFieldStyle":"default"},"css":{"LeftLabelWidth":"120px"}},"formulas":[],"lookuptables":[],"clones":false,"cartKey":false}},"_links":{"self":[{"href":"https:\/\/craftedincrystal.se\/en\/wp-json\/wp\/v2\/product\/8674","targetHints":{"allow":["GET"]}}],"collection":[{"href":"https:\/\/craftedincrystal.se\/en\/wp-json\/wp\/v2\/product"}],"about":[{"href":"https:\/\/craftedincrystal.se\/en\/wp-json\/wp\/v2\/types\/product"}],"replies":[{"embeddable":true,"href":"https:\/\/craftedincrystal.se\/en\/wp-json\/wp\/v2\/comments?post=8674"}],"wp:featuredmedia":[{"embeddable":true,"href":"https:\/\/craftedincrystal.se\/en\/wp-json\/wp\/v2\/media\/10028"}],"wp:attachment":[{"href":"https:\/\/craftedincrystal.se\/en\/wp-json\/wp\/v2\/media?parent=8674"}],"wp:term":[{"taxonomy":"product_brand","embeddable":true,"href":"https:\/\/craftedincrystal.se\/en\/wp-json\/wp\/v2\/product_brand?post=8674"},{"taxonomy":"product_cat","embeddable":true,"href":"https:\/\/craftedincrystal.se\/en\/wp-json\/wp\/v2\/product_cat?post=8674"},{"taxonomy":"product_tag","embeddable":true,"href":"https:\/\/craftedincrystal.se\/en\/wp-json\/wp\/v2\/product_tag?post=8674"}],"curies":[{"name":"wp","href":"https:\/\/api.w.org\/{rel}","templated":true}]}}